{"id":92,"date":"2025-09-24T01:57:18","date_gmt":"2025-09-24T01:57:18","guid":{"rendered":"https:\/\/myagrimaroc.com\/our-farm\/"},"modified":"2025-09-24T22:33:19","modified_gmt":"2025-09-24T22:33:19","slug":"our-farm","status":"publish","type":"page","link":"https:\/\/myagrimaroc.com\/es\/our-farm\/","title":{"rendered":"Nuestra Granja"},"content":{"rendered":"<div data-elementor-type=\"wp-page\" data-elementor-id=\"92\" class=\"elementor elementor-92\">\n\t\t\t\t<div class=\"elementor-element elementor-element-07a2ac0 e-flex e-con-boxed e-con e-parent\" data-id=\"07a2ac0\" data-element_type=\"container\" data-settings=\"{&quot;background_background&quot;:&quot;classic&quot;}\">\n\t\t\t\t\t<div class=\"e-con-inner\">\n\t\t<div class=\"elementor-element elementor-element-31aa044 e-con-full e-flex e-con e-child\" data-id=\"31aa044\" data-element_type=\"container\">\n\t\t\t\t<div class=\"elementor-element elementor-element-9cc47b5 elementor-widget-divider--view-line elementor-widget elementor-widget-divider\" data-id=\"9cc47b5\" data-element_type=\"widget\" data-widget_type=\"divider.default\">\n\t\t\t\t<div class=\"elementor-widget-container\">\n\t\t\t\t\t\t\t<div class=\"elementor-divider\">\n\t\t\t<span class=\"elementor-divider-separator\">\n\t\t\t\t\t\t<\/span>\n\t\t<\/div>\n\t\t\t\t\t\t<\/div>\n\t\t\t\t<\/div>\n\t\t\t\t<div class=\"elementor-element elementor-element-9f79546 elementor-widget elementor-widget-heading\" data-id=\"9f79546\" data-element_type=\"widget\" data-widget_type=\"heading.default\">\n\t\t\t\t<div class=\"elementor-widget-container\">\n\t\t\t\t\t<h1 class=\"elementor-heading-title elementor-size-default\">Nuestra Granja<\/h1>\t\t\t\t<\/div>\n\t\t\t\t<\/div>\n\t\t\t\t<\/div>\n\t\t<div class=\"elementor-element elementor-element-c12b438 e-con-full e-flex e-con e-child\" data-id=\"c12b438\" data-element_type=\"container\">\n\t\t\t\t<div class=\"elementor-element elementor-element-43b53e3 elementor-widget elementor-widget-text-editor\" data-id=\"43b53e3\" data-element_type=\"widget\" data-widget_type=\"text-editor.default\">\n\t\t\t\t<div class=\"elementor-widget-container\">\n\t\t\t\t\t\t\t\t\t<p data-start=\"299\" data-end=\"389\"><em data-start=\"314\" data-end=\"387\">Donde la tradici\u00f3n se une a la innovaci\u00f3n para crear unas aceitunas marroqu\u00edes excepcionales.<\/em><\/p>\t\t\t\t\t\t\t\t<\/div>\n\t\t\t\t<\/div>\n\t\t\t\t<\/div>\n\t\t\t\t\t<\/div>\n\t\t\t\t<\/div>\n\t\t<div class=\"elementor-element elementor-element-1670caf e-flex e-con-boxed e-con e-parent\" data-id=\"1670caf\" data-element_type=\"container\">\n\t\t\t\t\t<div class=\"e-con-inner\">\n\t\t<div class=\"elementor-element elementor-element-8328e36 e-con-full e-flex e-con e-child\" data-id=\"8328e36\" data-element_type=\"container\">\n\t\t\t\t<div class=\"elementor-element elementor-element-b9cea45 elementor-widget elementor-widget-heading\" data-id=\"b9cea45\" data-element_type=\"widget\" data-widget_type=\"heading.default\">\n\t\t\t\t<div class=\"elementor-widget-container\">\n\t\t\t\t\t<h6 class=\"elementor-heading-title elementor-size-default\">Tenemos un objetivo<\/h6>\t\t\t\t<\/div>\n\t\t\t\t<\/div>\n\t\t\t\t<div class=\"elementor-element elementor-element-8820616 elementor-widget-divider--view-line elementor-widget elementor-widget-divider\" data-id=\"8820616\" data-element_type=\"widget\" data-widget_type=\"divider.default\">\n\t\t\t\t<div class=\"elementor-widget-container\">\n\t\t\t\t\t\t\t<div class=\"elementor-divider\">\n\t\t\t<span class=\"elementor-divider-separator\">\n\t\t\t\t\t\t<\/span>\n\t\t<\/div>\n\t\t\t\t\t\t<\/div>\n\t\t\t\t<\/div>\n\t\t\t\t<div class=\"elementor-element elementor-element-cf63d7f elementor-widget elementor-widget-heading\" data-id=\"cf63d7f\" data-element_type=\"widget\" data-widget_type=\"heading.default\">\n\t\t\t\t<div class=\"elementor-widget-container\">\n\t\t\t\t\t<h2 class=\"elementor-heading-title elementor-size-default\">Proporcionar productos y servicios org\u00e1nicos de la m\u00e1s alta calidad.<\/h2>\t\t\t\t<\/div>\n\t\t\t\t<\/div>\n\t\t\t\t<div class=\"elementor-element elementor-element-60879c4 elementor-widget elementor-widget-text-editor\" data-id=\"60879c4\" data-element_type=\"widget\" data-widget_type=\"text-editor.default\">\n\t\t\t\t<div class=\"elementor-widget-container\">\n\t\t\t\t\t\t\t\t\t<p>En <strong>MYAGRIMAROC<\/strong>Cada olivo se cultiva con paciencia, dedicaci\u00f3n y un profundo respeto por la tierra que nos sustenta. Combinamos las tradiciones ancestrales del cultivo del olivo marroqu\u00ed, transmitidas de generaci\u00f3n en generaci\u00f3n, con t\u00e9cnicas agr\u00edcolas avanzadas que optimizan el crecimiento y preservan los recursos naturales. Nuestros campos se gestionan con precisi\u00f3n, utilizando sistemas de riego sostenibles y pr\u00e1cticas respetuosas con el medio ambiente que protegen la fertilidad del suelo y fomentan la biodiversidad. Cada cosecha es el resultado de una observaci\u00f3n minuciosa, una atenci\u00f3n rigurosa a los detalles y un compromiso inquebrantable con la calidad. Lo que producimos es m\u00e1s que aceitunas o aceite: es una aut\u00e9ntica expresi\u00f3n del patrimonio marroqu\u00ed, elaborado para satisfacer las expectativas de un mercado global cada vez m\u00e1s centrado en la salud, la sostenibilidad y la trazabilidad. Al mismo tiempo, consideramos nuestra finca como un ecosistema vivo, que apoya a las comunidades locales, crea empleo a largo plazo y demuestra que la agricultura moderna puede crecer en armon\u00eda con la naturaleza.<\/p>\t\t\t\t\t\t\t\t<\/div>\n\t\t\t\t<\/div>\n\t\t\t\t<div class=\"elementor-element elementor-element-f8137aa elementor-widget elementor-widget-image\" data-id=\"f8137aa\" data-element_type=\"widget\" data-widget_type=\"image.default\">\n\t\t\t\t<div class=\"elementor-widget-container\">\n\t\t\t\t\t\t\t\t\t\t\t\t\t\t\t<img fetchpriority=\"high\" decoding=\"async\" width=\"1200\" height=\"802\" src=\"https:\/\/myagrimaroc.com\/wp-content\/uploads\/2025\/09\/Design-sans-titre-2.png\" class=\"attachment-full size-full wp-image-842\" alt=\"\" srcset=\"https:\/\/myagrimaroc.com\/wp-content\/uploads\/2025\/09\/Design-sans-titre-2.png 1200w, https:\/\/myagrimaroc.com\/wp-content\/uploads\/2025\/09\/Design-sans-titre-2-300x201.png 300w, https:\/\/myagrimaroc.com\/wp-content\/uploads\/2025\/09\/Design-sans-titre-2-1024x684.png 1024w, https:\/\/myagrimaroc.com\/wp-content\/uploads\/2025\/09\/Design-sans-titre-2-768x513.png 768w\" sizes=\"(max-width: 1200px) 100vw, 1200px\" \/>\t\t\t\t\t\t\t\t\t\t\t\t\t\t\t<\/div>\n\t\t\t\t<\/div>\n\t\t<div class=\"elementor-element elementor-element-27b70f7 e-con-full e-flex e-con e-child\" data-id=\"27b70f7\" data-element_type=\"container\">\n\t\t<div class=\"elementor-element elementor-element-eadd7a6 e-con-full e-flex e-con e-child\" data-id=\"eadd7a6\" data-element_type=\"container\">\n\t\t\t\t<div class=\"elementor-element elementor-element-02465f9 elementor-widget-divider--view-line elementor-widget elementor-widget-divider\" data-id=\"02465f9\" data-element_type=\"widget\" data-widget_type=\"divider.default\">\n\t\t\t\t<div class=\"elementor-widget-container\">\n\t\t\t\t\t\t\t<div class=\"elementor-divider\">\n\t\t\t<span class=\"elementor-divider-separator\">\n\t\t\t\t\t\t<\/span>\n\t\t<\/div>\n\t\t\t\t\t\t<\/div>\n\t\t\t\t<\/div>\n\t\t\t\t<div class=\"elementor-element elementor-element-cd21184 elementor-widget elementor-widget-heading\" data-id=\"cd21184\" data-element_type=\"widget\" data-widget_type=\"heading.default\">\n\t\t\t\t<div class=\"elementor-widget-container\">\n\t\t\t\t\t<h2 class=\"elementor-heading-title elementor-size-default\">Nuestro descubrimiento<\/h2>\t\t\t\t<\/div>\n\t\t\t\t<\/div>\n\t\t\t\t<\/div>\n\t\t<div class=\"elementor-element elementor-element-247c93d e-con-full e-flex e-con e-child\" data-id=\"247c93d\" data-element_type=\"container\">\n\t\t\t\t<div class=\"elementor-element elementor-element-2594d99 elementor-widget elementor-widget-text-editor\" data-id=\"2594d99\" data-element_type=\"widget\" data-widget_type=\"text-editor.default\">\n\t\t\t\t<div class=\"elementor-widget-container\">\n\t\t\t\t\t\t\t\t\t<p>El viaje de <strong data-start=\"776\" data-end=\"791\">MYAGRIMAROC<\/strong> Comenz\u00f3 con una visi\u00f3n: convertir la f\u00e9rtil tierra marroqu\u00ed en un modelo de cultivo sostenible del olivo.<\/p>\t\t\t\t\t\t\t\t<\/div>\n\t\t\t\t<\/div>\n\t\t\t\t<div class=\"elementor-element elementor-element-0dd2681 elementor-widget elementor-widget-text-editor\" data-id=\"0dd2681\" data-element_type=\"widget\" data-widget_type=\"text-editor.default\">\n\t\t\t\t<div class=\"elementor-widget-container\">\n\t\t\t\t\t\t\t\t\t<p data-start=\"761\" data-end=\"1151\">Desde las primeras 3 hect\u00e1reas plantadas con variedades Arbequina y Arbosana, nuestra finca ha crecido de manera constante hasta incluir olivares arrendados y reci\u00e9n plantados.<br data-start=\"1034\" data-end=\"1037\" \/>Para 2026, alcanzaremos <strong data-start=\"1060\" data-end=\"1076\">42 000 \u00e1rboles<\/strong>, con una producci\u00f3n que se espera que se estabilice en <strong data-start=\"1119\" data-end=\"1148\">125 toneladas al a\u00f1o para 2032<\/strong>.<\/p>\t\t\t\t\t\t\t\t<\/div>\n\t\t\t\t<\/div>\n\t\t\t\t<\/div>\n\t\t\t\t<\/div>\n\t\t<div class=\"elementor-element elementor-element-45f984d e-con-full e-flex e-con e-child\" data-id=\"45f984d\" data-element_type=\"container\">\n\t\t<div class=\"elementor-element elementor-element-7c430a6 e-con-full e-flex e-con e-child\" data-id=\"7c430a6\" data-element_type=\"container\">\n\t\t\t\t<div class=\"elementor-element elementor-element-73f4cc9 elementor-widget-divider--view-line elementor-widget elementor-widget-divider\" data-id=\"73f4cc9\" data-element_type=\"widget\" data-widget_type=\"divider.default\">\n\t\t\t\t<div class=\"elementor-widget-container\">\n\t\t\t\t\t\t\t<div class=\"elementor-divider\">\n\t\t\t<span class=\"elementor-divider-separator\">\n\t\t\t\t\t\t<\/span>\n\t\t<\/div>\n\t\t\t\t\t\t<\/div>\n\t\t\t\t<\/div>\n\t\t\t\t<div class=\"elementor-element elementor-element-14510a3 elementor-widget elementor-widget-heading\" data-id=\"14510a3\" data-element_type=\"widget\" data-widget_type=\"heading.default\">\n\t\t\t\t<div class=\"elementor-widget-container\">\n\t\t\t\t\t<h2 class=\"elementor-heading-title elementor-size-default\">Nuestra misi\u00f3n<\/h2>\t\t\t\t<\/div>\n\t\t\t\t<\/div>\n\t\t\t\t<\/div>\n\t\t<div class=\"elementor-element elementor-element-1d875cf e-con-full e-flex e-con e-child\" data-id=\"1d875cf\" data-element_type=\"container\">\n\t\t\t\t<div class=\"elementor-element elementor-element-6f4150c elementor-widget elementor-widget-text-editor\" data-id=\"6f4150c\" data-element_type=\"widget\" data-widget_type=\"text-editor.default\">\n\t\t\t\t<div class=\"elementor-widget-container\">\n\t\t\t\t\t\t\t\t\t<p>Nuestra misi\u00f3n es ofrecer aceitunas ecol\u00f3gicas y aceite de oliva virgen extra que cumplan con los m\u00e1s altos est\u00e1ndares internacionales, respetando al mismo tiempo el medio ambiente.<\/p>\t\t\t\t\t\t\t\t<\/div>\n\t\t\t\t<\/div>\n\t\t\t\t<div class=\"elementor-element elementor-element-5bfa245 elementor-widget elementor-widget-text-editor\" data-id=\"5bfa245\" data-element_type=\"widget\" data-widget_type=\"text-editor.default\">\n\t\t\t\t<div class=\"elementor-widget-container\">\n\t\t\t\t\t\t\t\t\t<p data-start=\"1180\" data-end=\"1344\">Nos centramos en :<\/p><ul data-start=\"1345\" data-end=\"1555\"><li data-start=\"1345\" data-end=\"1384\"><p data-start=\"1347\" data-end=\"1384\">Producci\u00f3n ecol\u00f3gica y trazable<\/p><\/li><li data-start=\"1385\" data-end=\"1432\"><p data-start=\"1387\" data-end=\"1432\">Aceitunas de primera calidad para mesa y aceite.<\/p><\/li><li data-start=\"1433\" data-end=\"1507\"><p data-start=\"1435\" data-end=\"1507\">Expandiendo la excelencia agr\u00edcola marroqu\u00ed a los mercados internacionales<\/p><\/li><li data-start=\"1508\" data-end=\"1555\"><p data-start=\"1510\" data-end=\"1555\">Apoyo a los agricultores y las comunidades locales<\/p><\/li><\/ul>\t\t\t\t\t\t\t\t<\/div>\n\t\t\t\t<\/div>\n\t\t\t\t<\/div>\n\t\t\t\t<\/div>\n\t\t\t\t<\/div>\n\t\t\t\t\t<\/div>\n\t\t\t\t<\/div>\n\t\t<div class=\"elementor-element elementor-element-023427d e-flex e-con-boxed e-con e-parent\" data-id=\"023427d\" data-element_type=\"container\" data-settings=\"{&quot;background_background&quot;:&quot;classic&quot;}\">\n\t\t\t\t\t<div class=\"e-con-inner\">\n\t\t<div class=\"elementor-element elementor-element-5f65888 e-con-full e-flex e-con e-child\" data-id=\"5f65888\" data-element_type=\"container\">\n\t\t\t\t<div class=\"elementor-element elementor-element-e5a76b7 elementor-widget elementor-widget-image\" data-id=\"e5a76b7\" data-element_type=\"widget\" data-widget_type=\"image.default\">\n\t\t\t\t<div class=\"elementor-widget-container\">\n\t\t\t\t\t\t\t\t\t\t\t\t\t\t\t<img decoding=\"async\" width=\"500\" height=\"638\" data-src=\"https:\/\/myagrimaroc.com\/wp-content\/uploads\/2025\/09\/Design-sans-titre-1.png\" class=\"attachment-large size-large wp-image-974 lazyload\" alt=\"\" data-srcset=\"https:\/\/myagrimaroc.com\/wp-content\/uploads\/2025\/09\/Design-sans-titre-1.png 500w, https:\/\/myagrimaroc.com\/wp-content\/uploads\/2025\/09\/Design-sans-titre-1-235x300.png 235w, https:\/\/myagrimaroc.com\/wp-content\/uploads\/2025\/09\/Design-sans-titre-1-9x12.png 9w\" data-sizes=\"(max-width: 500px) 100vw, 500px\" src=\"data:image\/svg+xml;base64,PHN2ZyB3aWR0aD0iMSIgaGVpZ2h0PSIxIiB4bWxucz0iaHR0cDovL3d3dy53My5vcmcvMjAwMC9zdmciPjwvc3ZnPg==\" style=\"--smush-placeholder-width: 500px; --smush-placeholder-aspect-ratio: 500\/638;\" \/>\t\t\t\t\t\t\t\t\t\t\t\t\t\t\t<\/div>\n\t\t\t\t<\/div>\n\t\t\t\t<\/div>\n\t\t<div class=\"elementor-element elementor-element-ea7ad2a e-con-full e-flex e-con e-child\" data-id=\"ea7ad2a\" data-element_type=\"container\">\n\t\t\t\t<div class=\"elementor-element elementor-element-f2ec63f elementor-widget elementor-widget-heading\" data-id=\"f2ec63f\" data-element_type=\"widget\" data-widget_type=\"heading.default\">\n\t\t\t\t<div class=\"elementor-widget-container\">\n\t\t\t\t\t<h2 class=\"elementor-heading-title elementor-size-default\">Cultivado con amor en nuestras granjas<\/h2>\t\t\t\t<\/div>\n\t\t\t\t<\/div>\n\t\t\t\t<div class=\"elementor-element elementor-element-d3568b9 elementor-widget elementor-widget-text-editor\" data-id=\"d3568b9\" data-element_type=\"widget\" data-widget_type=\"text-editor.default\">\n\t\t\t\t<div class=\"elementor-widget-container\">\n\t\t\t\t\t\t\t\t\t<p data-start=\"1601\" data-end=\"1816\">En <strong data-start=\"1604\" data-end=\"1619\">MYAGRIMAROC<\/strong>Cada \u00e1rbol refleja una historia de dedicaci\u00f3n, cuidado y respeto por la naturaleza.<br data-start=\"1693\" data-end=\"1696\" \/>Desde la plantaci\u00f3n hasta la recolecci\u00f3n, nuestro equipo aplica m\u00e9todos sostenibles para garantizar aceitunas de sabor y pureza excepcionales.<\/p>\t\t\t\t\t\t\t\t<\/div>\n\t\t\t\t<\/div>\n\t\t\t\t<div class=\"elementor-element elementor-element-f145e3a elementor-vertical-align-middle elementor-widget elementor-widget-image-box\" data-id=\"f145e3a\" data-element_type=\"widget\" data-widget_type=\"image-box.default\">\n\t\t\t\t<div class=\"elementor-widget-container\">\n\t\t\t\t\t<div class=\"elementor-image-box-wrapper\"><div class=\"elementor-image-box-content\"><h4 class=\"elementor-image-box-title\">El Mehdi LYAZIDI\u200b<\/h4><p class=\"elementor-image-box-description\">Fundador y Director<\/p><\/div><\/div>\t\t\t\t<\/div>\n\t\t\t\t<\/div>\n\t\t\t\t<\/div>\n\t\t\t\t\t<\/div>\n\t\t\t\t<\/div>\n\t\t\t\t<\/div>","protected":false},"excerpt":{"rendered":"<p>Our Farm Where tradition meets innovation to create exceptional Moroccan olives. We Have One Goal To Provide the Highest Quality Organic Products and Services. At MYAGRIMAROC, every olive tree is cultivated with patience, dedication, and a deep respect for the land that sustains us. We combine the ancestral traditions of Moroccan olive farming, passed down [&hellip;]<\/p>","protected":false},"author":1,"featured_media":0,"parent":0,"menu_order":0,"comment_status":"closed","ping_status":"closed","template":"","meta":{"site-sidebar-layout":"no-sidebar","site-content-layout":"page-builder","ast-site-content-layout":"default","site-content-style":"default","site-sidebar-style":"default","ast-global-header-display":"","ast-banner-title-visibility":"","ast-main-header-display":"","ast-hfb-above-header-display":"","ast-hfb-below-header-display":"","ast-hfb-mobile-header-display":"","site-post-title":"disabled","ast-breadcrumbs-content":"","ast-featured-img":"disabled","footer-sml-layout":"","ast-disable-related-posts":"","theme-transparent-header-meta":"enabled","adv-header-id-meta":"","stick-header-meta":"","header-above-stick-meta":"","header-main-stick-meta":"","header-below-stick-meta":"","astra-migrate-meta-layouts":"default","ast-page-background-enabled":"default","ast-page-background-meta":{"desktop":{"background-color":"","background-image":"","background-repeat":"repeat","background-position":"center center","background-size":"auto","background-attachment":"scroll","background-type":"","background-media":"","overlay-type":"","overlay-color":"","overlay-opacity":"","overlay-gradient":""},"tablet":{"background-color":"","background-image":"","background-repeat":"repeat","background-position":"center center","background-size":"auto","background-attachment":"scroll","background-type":"","background-media":"","overlay-type":"","overlay-color":"","overlay-opacity":"","overlay-gradient":""},"mobile":{"background-color":"","background-image":"","background-repeat":"repeat","background-position":"center center","background-size":"auto","background-attachment":"scroll","background-type":"","background-media":"","overlay-type":"","overlay-color":"","overlay-opacity":"","overlay-gradient":""}},"ast-content-background-meta":{"desktop":{"background-color":"var(--ast-global-color-5)","background-image":"","background-repeat":"repeat","background-position":"center center","background-size":"auto","background-attachment":"scroll","background-type":"","background-media":"","overlay-type":"","overlay-color":"","overlay-opacity":"","overlay-gradient":""},"tablet":{"background-color":"var(--ast-global-color-5)","background-image":"","background-repeat":"repeat","background-position":"center center","background-size":"auto","background-attachment":"scroll","background-type":"","background-media":"","overlay-type":"","overlay-color":"","overlay-opacity":"","overlay-gradient":""},"mobile":{"background-color":"var(--ast-global-color-5)","background-image":"","background-repeat":"repeat","background-position":"center center","background-size":"auto","background-attachment":"scroll","background-type":"","background-media":"","overlay-type":"","overlay-color":"","overlay-opacity":"","overlay-gradient":""}},"footnotes":""},"class_list":["post-92","page","type-page","status-publish","hentry"],"_links":{"self":[{"href":"https:\/\/myagrimaroc.com\/es\/wp-json\/wp\/v2\/pages\/92","targetHints":{"allow":["GET"]}}],"collection":[{"href":"https:\/\/myagrimaroc.com\/es\/wp-json\/wp\/v2\/pages"}],"about":[{"href":"https:\/\/myagrimaroc.com\/es\/wp-json\/wp\/v2\/types\/page"}],"author":[{"embeddable":true,"href":"https:\/\/myagrimaroc.com\/es\/wp-json\/wp\/v2\/users\/1"}],"replies":[{"embeddable":true,"href":"https:\/\/myagrimaroc.com\/es\/wp-json\/wp\/v2\/comments?post=92"}],"version-history":[{"count":36,"href":"https:\/\/myagrimaroc.com\/es\/wp-json\/wp\/v2\/pages\/92\/revisions"}],"predecessor-version":[{"id":977,"href":"https:\/\/myagrimaroc.com\/es\/wp-json\/wp\/v2\/pages\/92\/revisions\/977"}],"wp:attachment":[{"href":"https:\/\/myagrimaroc.com\/es\/wp-json\/wp\/v2\/media?parent=92"}],"curies":[{"name":"wp","href":"https:\/\/api.w.org\/{rel}","templated":true}]}}